{"id":11,"date":"2016-01-14T12:09:28","date_gmt":"2016-01-14T12:09:28","guid":{"rendered":"http:\/\/cwoste-tiziouzou.dz\/fr\/?page_id=11"},"modified":"2016-12-26T08:06:15","modified_gmt":"2016-12-26T08:06:15","slug":"activites","status":"publish","type":"page","link":"https:\/\/cwoste-tiziouzou.dz\/fr\/?page_id=11","title":{"rendered":"ACTIVITES"},"content":{"rendered":"<table width=\"400\">\n<tbody>\n<tr>\n<td><strong><span style=\"color: #000000;\">R\u00e9compense des laur\u00e9ats<\/span><\/strong><\/td>\n<td><img loading=\"lazy\" decoding=\"async\" class=\"alignnone size-medium wp-image-45\" src=\"https:\/\/cwoste-tiziouzou.dz\/fr\/wp-content\/uploads\/2016\/01\/recompense-300x200.jpg\" alt=\"R\u00e9compense des laur\u00e9ats\" width=\"300\" height=\"200\" \/><\/td>\n<\/tr>\n<tr>\n<td><strong><span style=\"color: #000000;\">Activit\u00e9s culturelles<\/span><\/strong><\/td>\n<td><img loading=\"lazy\" decoding=\"async\" class=\"alignnone size-medium wp-image-46\" src=\"https:\/\/cwoste-tiziouzou.dz\/fr\/wp-content\/uploads\/2016\/01\/culture-300x200.jpg\" alt=\"Activit\u00e9s culturelles\" width=\"300\" height=\"200\" \/><\/td>\n<\/tr>\n<tr>\n<td><strong><span style=\"color: #000000;\">Activit\u00e9s sportives<\/span><\/strong><\/td>\n<td><img loading=\"lazy\" decoding=\"async\" class=\"alignnone size-medium wp-image-48\" src=\"https:\/\/cwoste-tiziouzou.dz\/fr\/wp-content\/uploads\/2016\/01\/sport-300x200.jpg\" alt=\"Activit\u00e9s sportives\" width=\"300\" height=\"200\" \/><\/td>\n<\/tr>\n<tr>\n<td><strong><span style=\"color: #000000;\">Voyages organis\u00e9s<\/span><\/strong><\/td>\n<td><img loading=\"lazy\" decoding=\"async\" class=\"alignnone size-medium wp-image-49\" src=\"https:\/\/cwoste-tiziouzou.dz\/fr\/wp-content\/uploads\/2016\/01\/tourisme-300x200.jpg\" alt=\"Voyages organis\u00e9s\" width=\"300\" height=\"200\" \/><\/td>\n<\/tr>\n<\/tbody>\n<\/table>\n<p>&nbsp;<\/p>\n\n\n<p>&nbsp;<\/p>\n\n<p><img loading=\"lazy\" decoding=\"async\" class=\"aligncenter wp-image-252 size-full\" src=\"https:\/\/cwoste-tiziouzou.dz\/fr\/wp-content\/uploads\/2016\/01\/laur\u00e9ats-1.jpg\" alt=\"laur\u00e9ats\" width=\"650\" height=\"926\" \/><\/p>\n<p>&nbsp;<\/p>\n<p>&nbsp;<\/p>\n","protected":false},"excerpt":{"rendered":"<p>R\u00e9compense des laur\u00e9ats Activit\u00e9s culturelles Activit\u00e9s sportives Voyages organis\u00e9s &nbsp; &nbsp; &nbsp; &nbsp;<\/p>\n","protected":false},"author":2,"featured_media":0,"parent":0,"menu_order":0,"comment_status":"closed","ping_status":"closed","template":"","meta":{"footnotes":""},"class_list":["post-11","page","type-page","status-publish","hentry"],"yoast_head":"<!-- This site is optimized with the Yoast SEO plugin v27.3 - https:\/\/yoast.com\/product\/yoast-seo-wordpress\/ -->\n<title>ACTIVITES -<\/title>\n<meta name=\"robots\" content=\"index, follow, max-snippet:-1, max-image-preview:large, max-video-preview:-1\" \/>\n<link rel=\"canonical\" href=\"https:\/\/cwoste-tiziouzou.dz\/fr\/?page_id=11\" \/>\n<meta property=\"og:locale\" content=\"fr_FR\" \/>\n<meta property=\"og:type\" content=\"article\" \/>\n<meta property=\"og:title\" content=\"ACTIVITES -\" \/>\n<meta property=\"og:description\" content=\"R\u00e9compense des laur\u00e9ats Activit\u00e9s culturelles Activit\u00e9s sportives Voyages organis\u00e9s &nbsp; &nbsp; &nbsp; &nbsp;\" \/>\n<meta property=\"og:url\" content=\"https:\/\/cwoste-tiziouzou.dz\/fr\/?page_id=11\" \/>\n<meta property=\"article:modified_time\" content=\"2016-12-26T08:06:15+00:00\" \/>\n<meta property=\"og:image\" content=\"https:\/\/cwoste-tiziouzou.dz\/fr\/wp-content\/uploads\/2016\/01\/Info-cwoste-21.01.2016.jpg\" \/>\n<meta name=\"twitter:card\" content=\"summary_large_image\" \/>\n<script type=\"application\/ld+json\" class=\"yoast-schema-graph\">{\"@context\":\"https:\\\/\\\/schema.org\",\"@graph\":[{\"@type\":\"WebPage\",\"@id\":\"https:\\\/\\\/cwoste-tiziouzou.dz\\\/fr\\\/?page_id=11\",\"url\":\"https:\\\/\\\/cwoste-tiziouzou.dz\\\/fr\\\/?page_id=11\",\"name\":\"ACTIVITES -\",\"isPartOf\":{\"@id\":\"https:\\\/\\\/cwoste-tiziouzou.dz\\\/fr\\\/#website\"},\"primaryImageOfPage\":{\"@id\":\"https:\\\/\\\/cwoste-tiziouzou.dz\\\/fr\\\/?page_id=11#primaryimage\"},\"image\":{\"@id\":\"https:\\\/\\\/cwoste-tiziouzou.dz\\\/fr\\\/?page_id=11#primaryimage\"},\"thumbnailUrl\":\"https:\\\/\\\/cwoste-tiziouzou.dz\\\/fr\\\/wp-content\\\/uploads\\\/2016\\\/01\\\/recompense-300x200.jpg\",\"datePublished\":\"2016-01-14T12:09:28+00:00\",\"dateModified\":\"2016-12-26T08:06:15+00:00\",\"breadcrumb\":{\"@id\":\"https:\\\/\\\/cwoste-tiziouzou.dz\\\/fr\\\/?page_id=11#breadcrumb\"},\"inLanguage\":\"fr-FR\",\"potentialAction\":[{\"@type\":\"ReadAction\",\"target\":[\"https:\\\/\\\/cwoste-tiziouzou.dz\\\/fr\\\/?page_id=11\"]}]},{\"@type\":\"ImageObject\",\"inLanguage\":\"fr-FR\",\"@id\":\"https:\\\/\\\/cwoste-tiziouzou.dz\\\/fr\\\/?page_id=11#primaryimage\",\"url\":\"https:\\\/\\\/cwoste-tiziouzou.dz\\\/fr\\\/wp-content\\\/uploads\\\/2016\\\/01\\\/recompense-300x200.jpg\",\"contentUrl\":\"https:\\\/\\\/cwoste-tiziouzou.dz\\\/fr\\\/wp-content\\\/uploads\\\/2016\\\/01\\\/recompense-300x200.jpg\"},{\"@type\":\"BreadcrumbList\",\"@id\":\"https:\\\/\\\/cwoste-tiziouzou.dz\\\/fr\\\/?page_id=11#breadcrumb\",\"itemListElement\":[{\"@type\":\"ListItem\",\"position\":1,\"name\":\"Accueil\",\"item\":\"https:\\\/\\\/cwoste-tiziouzou.dz\\\/fr\\\/\"},{\"@type\":\"ListItem\",\"position\":2,\"name\":\"ACTIVITES\"}]},{\"@type\":\"WebSite\",\"@id\":\"https:\\\/\\\/cwoste-tiziouzou.dz\\\/fr\\\/#website\",\"url\":\"https:\\\/\\\/cwoste-tiziouzou.dz\\\/fr\\\/\",\"name\":\"\",\"description\":\"C.W.O.S.T.E  TIZI OUZOU\",\"potentialAction\":[{\"@type\":\"SearchAction\",\"target\":{\"@type\":\"EntryPoint\",\"urlTemplate\":\"https:\\\/\\\/cwoste-tiziouzou.dz\\\/fr\\\/?s={search_term_string}\"},\"query-input\":{\"@type\":\"PropertyValueSpecification\",\"valueRequired\":true,\"valueName\":\"search_term_string\"}}],\"inLanguage\":\"fr-FR\"}]}<\/script>\n<!-- \/ Yoast SEO plugin. -->","yoast_head_json":{"title":"ACTIVITES -","robots":{"index":"index","follow":"follow","max-snippet":"max-snippet:-1","max-image-preview":"max-image-preview:large","max-video-preview":"max-video-preview:-1"},"canonical":"https:\/\/cwoste-tiziouzou.dz\/fr\/?page_id=11","og_locale":"fr_FR","og_type":"article","og_title":"ACTIVITES -","og_description":"R\u00e9compense des laur\u00e9ats Activit\u00e9s culturelles Activit\u00e9s sportives Voyages organis\u00e9s &nbsp; &nbsp; &nbsp; &nbsp;","og_url":"https:\/\/cwoste-tiziouzou.dz\/fr\/?page_id=11","article_modified_time":"2016-12-26T08:06:15+00:00","og_image":[{"url":"https:\/\/cwoste-tiziouzou.dz\/fr\/wp-content\/uploads\/2016\/01\/Info-cwoste-21.01.2016.jpg","type":"","width":"","height":""}],"twitter_card":"summary_large_image","schema":{"@context":"https:\/\/schema.org","@graph":[{"@type":"WebPage","@id":"https:\/\/cwoste-tiziouzou.dz\/fr\/?page_id=11","url":"https:\/\/cwoste-tiziouzou.dz\/fr\/?page_id=11","name":"ACTIVITES -","isPartOf":{"@id":"https:\/\/cwoste-tiziouzou.dz\/fr\/#website"},"primaryImageOfPage":{"@id":"https:\/\/cwoste-tiziouzou.dz\/fr\/?page_id=11#primaryimage"},"image":{"@id":"https:\/\/cwoste-tiziouzou.dz\/fr\/?page_id=11#primaryimage"},"thumbnailUrl":"https:\/\/cwoste-tiziouzou.dz\/fr\/wp-content\/uploads\/2016\/01\/recompense-300x200.jpg","datePublished":"2016-01-14T12:09:28+00:00","dateModified":"2016-12-26T08:06:15+00:00","breadcrumb":{"@id":"https:\/\/cwoste-tiziouzou.dz\/fr\/?page_id=11#breadcrumb"},"inLanguage":"fr-FR","potentialAction":[{"@type":"ReadAction","target":["https:\/\/cwoste-tiziouzou.dz\/fr\/?page_id=11"]}]},{"@type":"ImageObject","inLanguage":"fr-FR","@id":"https:\/\/cwoste-tiziouzou.dz\/fr\/?page_id=11#primaryimage","url":"https:\/\/cwoste-tiziouzou.dz\/fr\/wp-content\/uploads\/2016\/01\/recompense-300x200.jpg","contentUrl":"https:\/\/cwoste-tiziouzou.dz\/fr\/wp-content\/uploads\/2016\/01\/recompense-300x200.jpg"},{"@type":"BreadcrumbList","@id":"https:\/\/cwoste-tiziouzou.dz\/fr\/?page_id=11#breadcrumb","itemListElement":[{"@type":"ListItem","position":1,"name":"Accueil","item":"https:\/\/cwoste-tiziouzou.dz\/fr\/"},{"@type":"ListItem","position":2,"name":"ACTIVITES"}]},{"@type":"WebSite","@id":"https:\/\/cwoste-tiziouzou.dz\/fr\/#website","url":"https:\/\/cwoste-tiziouzou.dz\/fr\/","name":"","description":"C.W.O.S.T.E  TIZI OUZOU","potentialAction":[{"@type":"SearchAction","target":{"@type":"EntryPoint","urlTemplate":"https:\/\/cwoste-tiziouzou.dz\/fr\/?s={search_term_string}"},"query-input":{"@type":"PropertyValueSpecification","valueRequired":true,"valueName":"search_term_string"}}],"inLanguage":"fr-FR"}]}},"_links":{"self":[{"href":"https:\/\/cwoste-tiziouzou.dz\/fr\/index.php?rest_route=\/wp\/v2\/pages\/11","targetHints":{"allow":["GET"]}}],"collection":[{"href":"https:\/\/cwoste-tiziouzou.dz\/fr\/index.php?rest_route=\/wp\/v2\/pages"}],"about":[{"href":"https:\/\/cwoste-tiziouzou.dz\/fr\/index.php?rest_route=\/wp\/v2\/types\/page"}],"author":[{"embeddable":true,"href":"https:\/\/cwoste-tiziouzou.dz\/fr\/index.php?rest_route=\/wp\/v2\/users\/2"}],"replies":[{"embeddable":true,"href":"https:\/\/cwoste-tiziouzou.dz\/fr\/index.php?rest_route=%2Fwp%2Fv2%2Fcomments&post=11"}],"version-history":[{"count":25,"href":"https:\/\/cwoste-tiziouzou.dz\/fr\/index.php?rest_route=\/wp\/v2\/pages\/11\/revisions"}],"predecessor-version":[{"id":415,"href":"https:\/\/cwoste-tiziouzou.dz\/fr\/index.php?rest_route=\/wp\/v2\/pages\/11\/revisions\/415"}],"wp:attachment":[{"href":"https:\/\/cwoste-tiziouzou.dz\/fr\/index.php?rest_route=%2Fwp%2Fv2%2Fmedia&parent=11"}],"curies":[{"name":"wp","href":"https:\/\/api.w.org\/{rel}","templated":true}]}}