{"id":13,"date":"2016-01-14T12:09:43","date_gmt":"2016-01-14T12:09:43","guid":{"rendered":"http:\/\/cwoste-tiziouzou.dz\/fr\/?page_id=13"},"modified":"2026-04-15T13:19:44","modified_gmt":"2026-04-15T13:19:44","slug":"formulaires","status":"publish","type":"page","link":"https:\/\/cwoste-tiziouzou.dz\/fr\/?page_id=13","title":{"rendered":"FORMULAIRES"},"content":{"rendered":"<p><img loading=\"lazy\" decoding=\"async\" class=\"alignnone wp-image-138 size-full\" src=\"https:\/\/cwoste-tiziouzou.dz\/fr\/wp-content\/uploads\/2016\/01\/materiel.png\" alt=\"materiel\" width=\"150\" height=\"150\" srcset=\"https:\/\/cwoste-tiziouzou.dz\/fr\/wp-content\/uploads\/2016\/01\/materiel.png 150w, https:\/\/cwoste-tiziouzou.dz\/fr\/wp-content\/uploads\/2016\/01\/materiel-160x160.png 160w, https:\/\/cwoste-tiziouzou.dz\/fr\/wp-content\/uploads\/2016\/01\/materiel-320x320.png 320w\" sizes=\"auto, (max-width: 150px) 100vw, 150px\" \/>\u00a0 \u00a0 \u00a0 \u00a0<img loading=\"lazy\" decoding=\"async\" class=\"alignnone wp-image-139 size-medium\" src=\"https:\/\/cwoste-tiziouzou.dz\/fr\/wp-content\/uploads\/2016\/01\/orphelins-300x150.png\" alt=\"orphelins\" width=\"300\" height=\"150\" \/>\u00a0 \u00a0 \u00a0 \u00a0<img loading=\"lazy\" decoding=\"async\" class=\"alignnone size-full wp-image-140\" src=\"https:\/\/cwoste-tiziouzou.dz\/fr\/wp-content\/uploads\/2016\/01\/voiture.png\" alt=\"voiture\" width=\"150\" height=\"150\" srcset=\"https:\/\/cwoste-tiziouzou.dz\/fr\/wp-content\/uploads\/2016\/01\/voiture.png 150w, https:\/\/cwoste-tiziouzou.dz\/fr\/wp-content\/uploads\/2016\/01\/voiture-160x160.png 160w, https:\/\/cwoste-tiziouzou.dz\/fr\/wp-content\/uploads\/2016\/01\/voiture-320x320.png 320w\" sizes=\"auto, (max-width: 150px) 100vw, 150px\" \/>\u00a0 \u00a0 <img loading=\"lazy\" decoding=\"async\" class=\"alignnone size-full wp-image-141\" src=\"https:\/\/cwoste-tiziouzou.dz\/fr\/wp-content\/uploads\/2016\/01\/logement.png\" alt=\"logement\" width=\"150\" height=\"150\" srcset=\"https:\/\/cwoste-tiziouzou.dz\/fr\/wp-content\/uploads\/2016\/01\/logement.png 150w, https:\/\/cwoste-tiziouzou.dz\/fr\/wp-content\/uploads\/2016\/01\/logement-160x160.png 160w, https:\/\/cwoste-tiziouzou.dz\/fr\/wp-content\/uploads\/2016\/01\/logement-320x320.png 320w\" sizes=\"auto, (max-width: 150px) 100vw, 150px\" \/><\/p>\n<p><span style=\"color: #339966;\"><strong>&gt; <a href=\"https:\/\/cwoste-tiziouzou.dz\/fr\/wp-content\/uploads\/2026\/04\/cwost-tizi-ouzou-formulaire-prime-horphelins.pdf\">Prime orphelins<\/a><\/strong> <\/span><\/p>\n<p><span style=\"color: #339966;\"><strong>&gt; <a href=\"https:\/\/cwoste-tiziouzou.dz\/fr\/wp-content\/uploads\/2026\/04\/cwost-tizi-ouzou-formulaire-prime-veuve.pdf\">Prime veuve non salari\u00e9<\/a><\/strong> <\/span><\/p>\n<p><span style=\"color: #339966;\"><a style=\"color: #339966;\" href=\"https:\/\/cwoste-tiziouzou.dz\/fr\/wp-content\/uploads\/2026\/04\/cwost-tizi-ouzou-formulaire-prime-handicape.pdf\" target=\"_blank\" rel=\"noopener\"><strong>&gt; Prime handicap\u00e9s<\/strong> <\/a> <\/span><\/p>\n<p><span style=\"color: #339966;\"><a style=\"color: #339966;\" href=\"https:\/\/cwoste-tiziouzou.dz\/fr\/wp-content\/uploads\/2026\/04\/cwost-tizi-ouzou-formulaire-prime-materiel-handicape.pdf\" target=\"_blank\" rel=\"noopener\"><strong>&gt; Acquisition du mat\u00e9riel handicap\u00e9s<\/strong> <\/a> <\/span><\/p>\n<p><span style=\"color: #339966;\"><a style=\"color: #339966;\" href=\"https:\/\/cwoste-tiziouzou.dz\/fr\/wp-content\/uploads\/2026\/04\/cwost-tizi-ouzou-formulaire-prime-retraite.pdf\" target=\"_blank\" rel=\"noopener\"><strong>&gt; Prime retraite<\/strong> <\/a> <\/span><\/p>\n<p><span style=\"color: #339966;\"><a style=\"color: #339966;\" href=\"https:\/\/cwoste-tiziouzou.dz\/fr\/wp-content\/uploads\/2026\/04\/cwost-tizi-ouzou-formulaire-prim-decee.pdf\" target=\"_blank\" rel=\"noopener\"><strong>&gt; Prime de d\u00e9c\u00e8s<\/strong> <\/a> <\/span><\/p>\n<p><span style=\"color: #339966;\"><a style=\"color: #339966;\" href=\"https:\/\/cwoste-tiziouzou.dz\/fr\/wp-content\/uploads\/2026\/04\/cwost-tizi-ouzou-formulaire-prim-decee-conjoint.pdf\" target=\"_blank\" rel=\"noopener\"><strong>&gt; Prime de d\u00e9c\u00e8s du conjoint<\/strong> <\/a> <\/span><\/p>\n<p><span style=\"color: #339966;\"><a style=\"color: #339966;\" href=\"https:\/\/cwoste-tiziouzou.dz\/fr\/wp-content\/uploads\/2026\/04\/cwost-tizi-ouzou-formulaire-prim-decee-enfant.pdf\" target=\"_blank\" rel=\"noopener\"><strong>&gt; Prime de d\u00e9c\u00e8s d\u2019un enfant<\/strong> <\/a> <\/span><\/p>\n<p><span style=\"color: #339966;\"><a style=\"color: #339966;\" href=\"https:\/\/cwoste-tiziouzou.dz\/fr\/wp-content\/uploads\/2026\/04\/cwost-tizi-ouzou-formulaire-prime-decee-parent.pdf\" target=\"_blank\" rel=\"noopener\"><strong>&gt; Prime de d\u00e9c\u00e8s d\u2019un parent<\/strong> <\/a> <\/span><\/p>\n<p><span style=\"color: #339966;\"><a style=\"color: #339966;\" href=\"https:\/\/cwoste-tiziouzou.dz\/fr\/wp-content\/uploads\/2026\/04\/cwost-tizi-ouzou-formulaire-prime-mariage.pdf\" target=\"_blank\" rel=\"noopener\"><strong>&gt; Prime de mariage<\/strong> <\/a> <\/span><\/p>\n<p><span style=\"color: #339966;\"><a style=\"color: #339966;\" href=\"https:\/\/cwoste-tiziouzou.dz\/fr\/wp-content\/uploads\/2026\/04\/cwost-tizi-ouzou-formulaire-prime-materiel-operation-chirurgical.pdf\" target=\"_blank\" rel=\"noopener\"><strong>&gt; Interventions chirurgicales<\/strong> <\/a> <\/span><\/p>\n<p><span style=\"color: #339966;\"><a style=\"color: #339966;\" href=\"https:\/\/cwoste-tiziouzou.dz\/fr\/wp-content\/uploads\/2026\/04\/cwost-tizi-ouzou-formulaire-prime-fiv.pdf\" target=\"_blank\" rel=\"noopener\"><strong>&gt; FIV<\/strong> <\/a> <\/span><\/p>\n<p><span style=\"color: #339966;\"><a style=\"color: #339966;\" href=\"https:\/\/cwoste-tiziouzou.dz\/fr\/wp-content\/uploads\/2026\/04\/cwost-tizi-ouzou-formulaire-prime-materiel-operation-chirurgical.pdf\" target=\"_blank\" rel=\"noopener\"><strong>&gt; Interventions ou prises en charge chirurgicales<\/strong> <\/a> <\/span><\/p>\n<p><span style=\"color: #339966;\"><a style=\"color: #339966;\" href=\"https:\/\/cwoste-tiziouzou.dz\/fr\/wp-content\/uploads\/2026\/04\/cwost-tizi-ouzou-formulaire-prime-cure-thermal.pdf\" target=\"_blank\" rel=\"noopener\"><strong>&gt; Cure thermale<\/strong> <\/a> <\/span><\/p>\n<p><span style=\"color: #339966;\"><a style=\"color: #339966;\" href=\"https:\/\/cwoste-tiziouzou.dz\/fr\/wp-content\/uploads\/2026\/04\/cwost-tizi-ouzou-formulaire-prime-accident.pdf\" target=\"_blank\" rel=\"noopener\"><strong>&gt; Solidarit\u00e9<\/strong> <\/a> <\/span><\/p>\n<p><span style=\"color: #339966;\"><a style=\"color: #339966;\" href=\"https:\/\/cwoste-tiziouzou.dz\/fr\/wp-content\/uploads\/2026\/04\/cwost-tizi-ouzou-formulaire-prime-cas-social.pdf\" target=\"_blank\" rel=\"noopener\"><strong>&gt; Cas sociaux et sant\u00e9 <\/strong> <\/a> <\/span><\/p>\n<p><span style=\"color: #339966;\"><a style=\"color: #339966;\" href=\"https:\/\/cwoste-tiziouzou.dz\/fr\/wp-content\/uploads\/2026\/04\/cwost-tizi-ouzou-formulaire-credit-mariage.pdf\" target=\"_blank\" rel=\"noopener\"><strong>&gt; Pr\u00eat mariage<\/strong> <\/a> <\/span><\/p>\n<p><span style=\"color: #339966;\"><a style=\"color: #339966;\" href=\"https:\/\/cwoste-tiziouzou.dz\/fr\/wp-content\/uploads\/2026\/04\/cwost-tizi-ouzou-formulaire-credit-soins.pdf\" target=\"_blank\" rel=\"noopener\"><strong>&gt; Pr\u00eat Exceptionnel<\/strong> <\/a> <\/span><\/p>\n<p><span style=\"color: #339966;\"><a style=\"color: #339966;\" href=\"https:\/\/cwoste-tiziouzou.dz\/fr\/wp-content\/uploads\/2026\/04\/cwost-tizi-ouzou-formulaire-credit-achat-maison.pdf\" target=\"_blank\" rel=\"noopener\"><strong>&gt; Pr\u00eat Achat logement<\/strong> <\/a> <\/span><\/p>\n<p><span style=\"color: #339966;\"><a style=\"color: #339966;\" href=\"https:\/\/cwoste-tiziouzou.dz\/fr\/wp-content\/uploads\/2026\/04\/cwost-tizi-ouzou-formulaire-credit-construction.pdf\" target=\"_blank\" rel=\"noopener\"><strong>&gt; Pr\u00eat construction<\/strong> <\/a> <\/span><\/p>\n<p><span style=\"color: #339966;\"><a style=\"color: #339966;\" href=\"https:\/\/cwoste-tiziouzou.dz\/fr\/wp-content\/uploads\/2026\/04\/cwost-tizi-ouzou-formulaire-credit-achat-voiture.pdf\" target=\"_blank\" rel=\"noopener\"><strong>&gt; Pr\u00eat Achat v\u00e9hicule<\/strong> <\/a> <\/span><\/p>\n<p><span style=\"color: #339966;\"><a style=\"color: #339966;\" href=\"https:\/\/cwoste-tiziouzou.dz\/fr\/wp-content\/uploads\/2026\/04\/cwost-tizi-ouzou-formulaire-prime-laureat.pdf\" target=\"_blank\" rel=\"noopener\"><strong>&gt; Prime laur\u00e9ates fin d&rsquo;ann\u00e9e<\/strong> <\/a> <\/span><\/p>\n<p><span style=\"color: #339966;\"><a style=\"color: #339966;\" href=\"https:\/\/cwoste-tiziouzou.dz\/fr\/wp-content\/uploads\/2026\/04\/cwost-tizi-ouzou-formulaire-voyage-national.pdf\" target=\"_blank\" rel=\"noopener\"><strong>&gt; Voyage \u00e0 l\u2019int\u00e9rieur du pays<\/strong> <\/a> <\/span><\/p>\n<p><span style=\"color: #339966;\"><a style=\"color: #339966;\" href=\"https:\/\/cwoste-tiziouzou.dz\/fr\/?page_id=1835\" target=\"_blank\" rel=\"noopener\"><strong>&gt; Voyage \u00e0 l\u2019\u00e9tranger<\/strong> <\/a> <\/span><\/p>\n<p><span style=\"color: #339966;\"><a style=\"color: #339966;\" href=\"https:\/\/cwoste-tiziouzou.dz\/fr\/wp-content\/uploads\/2026\/04\/cwost-tizi-ouzou-formulaire-COLONIE-DE-VACCANCE.pdf\" target=\"_blank\" rel=\"noopener\"><strong>&gt; Colonie de vacances<\/strong> <\/a> <\/span><\/p>\n<p><span style=\"color: #339966;\"><a style=\"color: #339966;\" href=\"https:\/\/cwoste-tiziouzou.dz\/fr\/wp-content\/uploads\/2026\/04\/cwost-tizi-ouzou-formulaire-hadj.pdf\" target=\"_blank\" rel=\"noopener\"><strong>&gt; Aide El Hedj<\/strong> <\/a> <\/span><\/p>\n<p><span style=\"color: #339966;\"><a style=\"color: #339966;\" href=\"https:\/\/cwoste-tiziouzou.dz\/fr\/wp-content\/uploads\/2026\/04\/cwost-tizi-ouzou-formulaire-OMRA.pdf\" target=\"_blank\" rel=\"noopener\"><strong>&gt; Aide Omra<\/strong> <\/a> <\/span><\/p>\n<p><span style=\"color: #339966;\"><a style=\"color: #339966;\" href=\"https:\/\/cwoste-tiziouzou.dz\/fr\/wp-content\/uploads\/2026\/04\/cwost-tizi-ouzou-formulaire-prime-analyse-radio-1.pdf\" target=\"_blank\" rel=\"noopener\"><strong>&gt; Prise en charge bilan et radios<\/strong><\/a><\/span><\/p>\n<p><span style=\"color: #339966;\"><a style=\"color: #339966;\" href=\"https:\/\/cwoste-tiziouzou.dz\/fr\/wp-content\/uploads\/2023\/10\/formulaire-laureat-001.jpg\" target=\"_blank\" rel=\"noopener\"><strong>&gt; Formulaire laur\u00e9at<\/strong> <\/a> <\/span><\/p>\n","protected":false},"excerpt":{"rendered":"<p>\u00a0 \u00a0 \u00a0 \u00a0\u00a0 \u00a0 \u00a0 \u00a0\u00a0 \u00a0 &gt; Prime orphelins &gt; Prime veuve non salari\u00e9 &gt; Prime handicap\u00e9s &gt; Acquisition du mat\u00e9riel handicap\u00e9s &gt; Prime retraite &gt; Prime de d\u00e9c\u00e8s &gt; Prime de&#46;&#46;&#46;<\/p>\n","protected":false},"author":2,"featured_media":0,"parent":0,"menu_order":0,"comment_status":"closed","ping_status":"closed","template":"","meta":{"footnotes":""},"class_list":["post-13","page","type-page","status-publish","hentry"],"yoast_head":"<!-- This site is optimized with the Yoast SEO plugin v27.3 - https:\/\/yoast.com\/product\/yoast-seo-wordpress\/ -->\n<title>FORMULAIRES -<\/title>\n<meta name=\"robots\" content=\"index, follow, max-snippet:-1, max-image-preview:large, max-video-preview:-1\" \/>\n<link rel=\"canonical\" href=\"https:\/\/cwoste-tiziouzou.dz\/fr\/?page_id=13\" \/>\n<meta property=\"og:locale\" content=\"fr_FR\" \/>\n<meta property=\"og:type\" content=\"article\" \/>\n<meta property=\"og:title\" content=\"FORMULAIRES -\" \/>\n<meta property=\"og:description\" content=\"\u00a0 \u00a0 \u00a0 \u00a0\u00a0 \u00a0 \u00a0 \u00a0\u00a0 \u00a0 &gt; Prime orphelins &gt; Prime veuve non salari\u00e9 &gt; Prime handicap\u00e9s &gt; Acquisition du mat\u00e9riel handicap\u00e9s &gt; Prime retraite &gt; Prime de d\u00e9c\u00e8s &gt; Prime de&#046;&#046;&#046;\" \/>\n<meta property=\"og:url\" content=\"https:\/\/cwoste-tiziouzou.dz\/fr\/?page_id=13\" \/>\n<meta property=\"article:modified_time\" content=\"2026-04-15T13:19:44+00:00\" \/>\n<meta property=\"og:image\" content=\"https:\/\/cwoste-tiziouzou.dz\/fr\/wp-content\/uploads\/2016\/01\/materiel.png\" \/>\n\t<meta property=\"og:image:width\" content=\"150\" \/>\n\t<meta property=\"og:image:height\" content=\"150\" \/>\n\t<meta property=\"og:image:type\" content=\"image\/png\" \/>\n<meta name=\"twitter:card\" content=\"summary_large_image\" \/>\n<meta name=\"twitter:label1\" content=\"Dur\u00e9e de lecture estim\u00e9e\" \/>\n\t<meta name=\"twitter:data1\" content=\"2 minutes\" \/>\n<script type=\"application\/ld+json\" class=\"yoast-schema-graph\">{\"@context\":\"https:\\\/\\\/schema.org\",\"@graph\":[{\"@type\":\"WebPage\",\"@id\":\"https:\\\/\\\/cwoste-tiziouzou.dz\\\/fr\\\/?page_id=13\",\"url\":\"https:\\\/\\\/cwoste-tiziouzou.dz\\\/fr\\\/?page_id=13\",\"name\":\"FORMULAIRES -\",\"isPartOf\":{\"@id\":\"https:\\\/\\\/cwoste-tiziouzou.dz\\\/fr\\\/#website\"},\"primaryImageOfPage\":{\"@id\":\"https:\\\/\\\/cwoste-tiziouzou.dz\\\/fr\\\/?page_id=13#primaryimage\"},\"image\":{\"@id\":\"https:\\\/\\\/cwoste-tiziouzou.dz\\\/fr\\\/?page_id=13#primaryimage\"},\"thumbnailUrl\":\"https:\\\/\\\/cwoste-tiziouzou.dz\\\/fr\\\/wp-content\\\/uploads\\\/2016\\\/01\\\/materiel.png\",\"datePublished\":\"2016-01-14T12:09:43+00:00\",\"dateModified\":\"2026-04-15T13:19:44+00:00\",\"breadcrumb\":{\"@id\":\"https:\\\/\\\/cwoste-tiziouzou.dz\\\/fr\\\/?page_id=13#breadcrumb\"},\"inLanguage\":\"fr-FR\",\"potentialAction\":[{\"@type\":\"ReadAction\",\"target\":[\"https:\\\/\\\/cwoste-tiziouzou.dz\\\/fr\\\/?page_id=13\"]}]},{\"@type\":\"ImageObject\",\"inLanguage\":\"fr-FR\",\"@id\":\"https:\\\/\\\/cwoste-tiziouzou.dz\\\/fr\\\/?page_id=13#primaryimage\",\"url\":\"https:\\\/\\\/cwoste-tiziouzou.dz\\\/fr\\\/wp-content\\\/uploads\\\/2016\\\/01\\\/materiel.png\",\"contentUrl\":\"https:\\\/\\\/cwoste-tiziouzou.dz\\\/fr\\\/wp-content\\\/uploads\\\/2016\\\/01\\\/materiel.png\"},{\"@type\":\"BreadcrumbList\",\"@id\":\"https:\\\/\\\/cwoste-tiziouzou.dz\\\/fr\\\/?page_id=13#breadcrumb\",\"itemListElement\":[{\"@type\":\"ListItem\",\"position\":1,\"name\":\"Accueil\",\"item\":\"https:\\\/\\\/cwoste-tiziouzou.dz\\\/fr\\\/\"},{\"@type\":\"ListItem\",\"position\":2,\"name\":\"FORMULAIRES\"}]},{\"@type\":\"WebSite\",\"@id\":\"https:\\\/\\\/cwoste-tiziouzou.dz\\\/fr\\\/#website\",\"url\":\"https:\\\/\\\/cwoste-tiziouzou.dz\\\/fr\\\/\",\"name\":\"\",\"description\":\"C.W.O.S.T.E  TIZI OUZOU\",\"potentialAction\":[{\"@type\":\"SearchAction\",\"target\":{\"@type\":\"EntryPoint\",\"urlTemplate\":\"https:\\\/\\\/cwoste-tiziouzou.dz\\\/fr\\\/?s={search_term_string}\"},\"query-input\":{\"@type\":\"PropertyValueSpecification\",\"valueRequired\":true,\"valueName\":\"search_term_string\"}}],\"inLanguage\":\"fr-FR\"}]}<\/script>\n<!-- \/ Yoast SEO plugin. -->","yoast_head_json":{"title":"FORMULAIRES -","robots":{"index":"index","follow":"follow","max-snippet":"max-snippet:-1","max-image-preview":"max-image-preview:large","max-video-preview":"max-video-preview:-1"},"canonical":"https:\/\/cwoste-tiziouzou.dz\/fr\/?page_id=13","og_locale":"fr_FR","og_type":"article","og_title":"FORMULAIRES -","og_description":"\u00a0 \u00a0 \u00a0 \u00a0\u00a0 \u00a0 \u00a0 \u00a0\u00a0 \u00a0 &gt; Prime orphelins &gt; Prime veuve non salari\u00e9 &gt; Prime handicap\u00e9s &gt; Acquisition du mat\u00e9riel handicap\u00e9s &gt; Prime retraite &gt; Prime de d\u00e9c\u00e8s &gt; Prime de&#46;&#46;&#46;","og_url":"https:\/\/cwoste-tiziouzou.dz\/fr\/?page_id=13","article_modified_time":"2026-04-15T13:19:44+00:00","og_image":[{"width":150,"height":150,"url":"https:\/\/cwoste-tiziouzou.dz\/fr\/wp-content\/uploads\/2016\/01\/materiel.png","type":"image\/png"}],"twitter_card":"summary_large_image","twitter_misc":{"Dur\u00e9e de lecture estim\u00e9e":"2 minutes"},"schema":{"@context":"https:\/\/schema.org","@graph":[{"@type":"WebPage","@id":"https:\/\/cwoste-tiziouzou.dz\/fr\/?page_id=13","url":"https:\/\/cwoste-tiziouzou.dz\/fr\/?page_id=13","name":"FORMULAIRES -","isPartOf":{"@id":"https:\/\/cwoste-tiziouzou.dz\/fr\/#website"},"primaryImageOfPage":{"@id":"https:\/\/cwoste-tiziouzou.dz\/fr\/?page_id=13#primaryimage"},"image":{"@id":"https:\/\/cwoste-tiziouzou.dz\/fr\/?page_id=13#primaryimage"},"thumbnailUrl":"https:\/\/cwoste-tiziouzou.dz\/fr\/wp-content\/uploads\/2016\/01\/materiel.png","datePublished":"2016-01-14T12:09:43+00:00","dateModified":"2026-04-15T13:19:44+00:00","breadcrumb":{"@id":"https:\/\/cwoste-tiziouzou.dz\/fr\/?page_id=13#breadcrumb"},"inLanguage":"fr-FR","potentialAction":[{"@type":"ReadAction","target":["https:\/\/cwoste-tiziouzou.dz\/fr\/?page_id=13"]}]},{"@type":"ImageObject","inLanguage":"fr-FR","@id":"https:\/\/cwoste-tiziouzou.dz\/fr\/?page_id=13#primaryimage","url":"https:\/\/cwoste-tiziouzou.dz\/fr\/wp-content\/uploads\/2016\/01\/materiel.png","contentUrl":"https:\/\/cwoste-tiziouzou.dz\/fr\/wp-content\/uploads\/2016\/01\/materiel.png"},{"@type":"BreadcrumbList","@id":"https:\/\/cwoste-tiziouzou.dz\/fr\/?page_id=13#breadcrumb","itemListElement":[{"@type":"ListItem","position":1,"name":"Accueil","item":"https:\/\/cwoste-tiziouzou.dz\/fr\/"},{"@type":"ListItem","position":2,"name":"FORMULAIRES"}]},{"@type":"WebSite","@id":"https:\/\/cwoste-tiziouzou.dz\/fr\/#website","url":"https:\/\/cwoste-tiziouzou.dz\/fr\/","name":"","description":"C.W.O.S.T.E  TIZI OUZOU","potentialAction":[{"@type":"SearchAction","target":{"@type":"EntryPoint","urlTemplate":"https:\/\/cwoste-tiziouzou.dz\/fr\/?s={search_term_string}"},"query-input":{"@type":"PropertyValueSpecification","valueRequired":true,"valueName":"search_term_string"}}],"inLanguage":"fr-FR"}]}},"_links":{"self":[{"href":"https:\/\/cwoste-tiziouzou.dz\/fr\/index.php?rest_route=\/wp\/v2\/pages\/13","targetHints":{"allow":["GET"]}}],"collection":[{"href":"https:\/\/cwoste-tiziouzou.dz\/fr\/index.php?rest_route=\/wp\/v2\/pages"}],"about":[{"href":"https:\/\/cwoste-tiziouzou.dz\/fr\/index.php?rest_route=\/wp\/v2\/types\/page"}],"author":[{"embeddable":true,"href":"https:\/\/cwoste-tiziouzou.dz\/fr\/index.php?rest_route=\/wp\/v2\/users\/2"}],"replies":[{"embeddable":true,"href":"https:\/\/cwoste-tiziouzou.dz\/fr\/index.php?rest_route=%2Fwp%2Fv2%2Fcomments&post=13"}],"version-history":[{"count":50,"href":"https:\/\/cwoste-tiziouzou.dz\/fr\/index.php?rest_route=\/wp\/v2\/pages\/13\/revisions"}],"predecessor-version":[{"id":2004,"href":"https:\/\/cwoste-tiziouzou.dz\/fr\/index.php?rest_route=\/wp\/v2\/pages\/13\/revisions\/2004"}],"wp:attachment":[{"href":"https:\/\/cwoste-tiziouzou.dz\/fr\/index.php?rest_route=%2Fwp%2Fv2%2Fmedia&parent=13"}],"curies":[{"name":"wp","href":"https:\/\/api.w.org\/{rel}","templated":true}]}}