{"id":9,"date":"2016-01-14T12:09:11","date_gmt":"2016-01-14T12:09:11","guid":{"rendered":"http:\/\/cwoste-tiziouzou.dz\/fr\/?page_id=9"},"modified":"2016-01-24T11:31:24","modified_gmt":"2016-01-24T11:31:24","slug":"presentation","status":"publish","type":"page","link":"https:\/\/cwoste-tiziouzou.dz\/fr\/?page_id=9","title":{"rendered":"PRESENTATION"},"content":{"rendered":"<p>&nbsp;<\/p>\n<p><span style=\"color: #000000;\">Les \u0153uvres sociales \u00a0est un organisme social interne, permettant \u00e0 ses employ\u00e9s, retrait\u00e9s et leurs ayants droit d\u2019acc\u00e9der \u00e0 une am\u00e9lioration des conditions de vie, notamment via des prestations \u00e0 caract\u00e8re social, culturel ou de loisir.<\/span><\/p>\n<p><span style=\"color: #000000;\">Les \u0153uvres\u00a0 sociales sont constitu\u00e9es de deux organes\u00a0: la Commission qui est\u00a0 compos\u00e9e de membres \u00e9lus au nombre de neuf(09), \u00e9lus par les travailleurs de l\u2019\u00e9ducation .Une structure de gestion nomm\u00e9e par\u00a0 la tutelle (Direction de l\u2019Education) compos\u00e9e d\u2019un comptable et d\u2019un ordonnateur charg\u00e9s de l\u2019ex\u00e9cution des diff\u00e9rentes d\u00e9lib\u00e9rations adopt\u00e9es par la CWOSTE.<\/span><\/p>\n<p><span style=\"color: #000000;\">Les \u0153uvres sociales sont r\u00e9gies par d\u00e9cret pr\u00e9sidentiel n<sup>0<\/sup>82 -179 du 15 Mai 1982 fixant le contenu et le mode de financement des \u0153uvres sociales.<\/span><\/p>\n<p><span style=\"color: #000000;\">Decret n<sup>0<\/sup>82 -303 du 11 septembre 1982 relatif \u00e0 la gestion des \u0153uvres sociales.<\/span><\/p>\n<p><span style=\"color: #000000;\">L\u2019Arr\u00eat\u00e9 \u00a0minist\u00e9rielle n<sup>o<\/sup> 01 du 19 f\u00e9vrier 2012. Fixant les modalit\u00e9s de gestion des \u0153uvres sociales. Compos\u00e9e de 77 articles.<\/span><\/p>\n<p><span style=\"color: #000000;\">Et elles sont aussi r\u00e9gies par \u00a0une\u00a0 nomenclature Compos\u00e9e \u00a0de 91 articles r\u00e9partis entre pr\u00eats, primes et aides adopt\u00e9e en assembl\u00e9e g\u00e9n\u00e9rale du 07\/08 Mai 2014. Cette derni\u00e8re \u00a0est r\u00e9visable chaque ann\u00e9e par l\u2019assembl\u00e9e g\u00e9n\u00e9rale des commissions de wilaya.<\/span><\/p>\n<p><span style=\"color: #000000;\">La commission se r\u00e9unit une fois par mois pour d\u00e9lib\u00e9rer sur les dossiers d\u00e9pos\u00e9s, elle peut \u00a0se r\u00e9unir en session extraordinaire sur demande du pr\u00e9sident ou les deux tiers de la commission \u00a0pour d\u00e9battre des questions urgentes.<\/span><\/p>\n<p><span style=\"color: #000000;\"><strong><u>Decret\u00a0\u00a0 n<sup>o<\/sup>82 \u2013 179 du 15 mai 1982 fixant les modalit\u00e9s de gestion des \u0153uvres sociales<\/u><\/strong>\u00a0:<\/span><\/p>\n<p><span style=\"color: #000000;\"><strong><u>Art\u00a008\u00a0:<\/u><\/strong> Les fonds des \u0153uvres sociales de l\u2019organisme employeur sont aliment\u00e9s par une contribution annuelle de ce dernier, calcul\u00e9e sur la base du taux de 3% de la masse salariale brute, telle qu\u2019elle ressort de l\u2019exercice comptable pr\u00e9c\u00e9dent.<\/span><\/p>\n","protected":false},"excerpt":{"rendered":"<p>&nbsp; Les \u0153uvres sociales \u00a0est un organisme social interne, permettant \u00e0 ses employ\u00e9s, retrait\u00e9s et leurs ayants droit d\u2019acc\u00e9der \u00e0 une am\u00e9lioration des conditions de vie, notamment via des prestations \u00e0 caract\u00e8re social, culturel&#46;&#46;&#46;<\/p>\n","protected":false},"author":2,"featured_media":0,"parent":0,"menu_order":0,"comment_status":"closed","ping_status":"closed","template":"","meta":{"footnotes":""},"class_list":["post-9","page","type-page","status-publish","hentry"],"yoast_head":"<!-- This site is optimized with the Yoast SEO plugin v27.3 - https:\/\/yoast.com\/product\/yoast-seo-wordpress\/ -->\n<title>PRESENTATION -<\/title>\n<meta name=\"robots\" content=\"index, follow, max-snippet:-1, max-image-preview:large, max-video-preview:-1\" \/>\n<link rel=\"canonical\" href=\"https:\/\/cwoste-tiziouzou.dz\/fr\/?page_id=9\" \/>\n<meta property=\"og:locale\" content=\"fr_FR\" \/>\n<meta property=\"og:type\" content=\"article\" \/>\n<meta property=\"og:title\" content=\"PRESENTATION -\" \/>\n<meta property=\"og:description\" content=\"&nbsp; Les \u0153uvres sociales \u00a0est un organisme social interne, permettant \u00e0 ses employ\u00e9s, retrait\u00e9s et leurs ayants droit d\u2019acc\u00e9der \u00e0 une am\u00e9lioration des conditions de vie, notamment via des prestations \u00e0 caract\u00e8re social, culturel&#046;&#046;&#046;\" \/>\n<meta property=\"og:url\" content=\"https:\/\/cwoste-tiziouzou.dz\/fr\/?page_id=9\" \/>\n<meta property=\"article:modified_time\" content=\"2016-01-24T11:31:24+00:00\" \/>\n<meta name=\"twitter:card\" content=\"summary_large_image\" \/>\n<meta name=\"twitter:label1\" content=\"Dur\u00e9e de lecture estim\u00e9e\" \/>\n\t<meta name=\"twitter:data1\" content=\"2 minutes\" \/>\n<script type=\"application\/ld+json\" class=\"yoast-schema-graph\">{\"@context\":\"https:\\\/\\\/schema.org\",\"@graph\":[{\"@type\":\"WebPage\",\"@id\":\"https:\\\/\\\/cwoste-tiziouzou.dz\\\/fr\\\/?page_id=9\",\"url\":\"https:\\\/\\\/cwoste-tiziouzou.dz\\\/fr\\\/?page_id=9\",\"name\":\"PRESENTATION -\",\"isPartOf\":{\"@id\":\"https:\\\/\\\/cwoste-tiziouzou.dz\\\/fr\\\/#website\"},\"datePublished\":\"2016-01-14T12:09:11+00:00\",\"dateModified\":\"2016-01-24T11:31:24+00:00\",\"breadcrumb\":{\"@id\":\"https:\\\/\\\/cwoste-tiziouzou.dz\\\/fr\\\/?page_id=9#breadcrumb\"},\"inLanguage\":\"fr-FR\",\"potentialAction\":[{\"@type\":\"ReadAction\",\"target\":[\"https:\\\/\\\/cwoste-tiziouzou.dz\\\/fr\\\/?page_id=9\"]}]},{\"@type\":\"BreadcrumbList\",\"@id\":\"https:\\\/\\\/cwoste-tiziouzou.dz\\\/fr\\\/?page_id=9#breadcrumb\",\"itemListElement\":[{\"@type\":\"ListItem\",\"position\":1,\"name\":\"Accueil\",\"item\":\"https:\\\/\\\/cwoste-tiziouzou.dz\\\/fr\\\/\"},{\"@type\":\"ListItem\",\"position\":2,\"name\":\"PRESENTATION\"}]},{\"@type\":\"WebSite\",\"@id\":\"https:\\\/\\\/cwoste-tiziouzou.dz\\\/fr\\\/#website\",\"url\":\"https:\\\/\\\/cwoste-tiziouzou.dz\\\/fr\\\/\",\"name\":\"\",\"description\":\"C.W.O.S.T.E  TIZI OUZOU\",\"potentialAction\":[{\"@type\":\"SearchAction\",\"target\":{\"@type\":\"EntryPoint\",\"urlTemplate\":\"https:\\\/\\\/cwoste-tiziouzou.dz\\\/fr\\\/?s={search_term_string}\"},\"query-input\":{\"@type\":\"PropertyValueSpecification\",\"valueRequired\":true,\"valueName\":\"search_term_string\"}}],\"inLanguage\":\"fr-FR\"}]}<\/script>\n<!-- \/ Yoast SEO plugin. -->","yoast_head_json":{"title":"PRESENTATION -","robots":{"index":"index","follow":"follow","max-snippet":"max-snippet:-1","max-image-preview":"max-image-preview:large","max-video-preview":"max-video-preview:-1"},"canonical":"https:\/\/cwoste-tiziouzou.dz\/fr\/?page_id=9","og_locale":"fr_FR","og_type":"article","og_title":"PRESENTATION -","og_description":"&nbsp; Les \u0153uvres sociales \u00a0est un organisme social interne, permettant \u00e0 ses employ\u00e9s, retrait\u00e9s et leurs ayants droit d\u2019acc\u00e9der \u00e0 une am\u00e9lioration des conditions de vie, notamment via des prestations \u00e0 caract\u00e8re social, culturel&#46;&#46;&#46;","og_url":"https:\/\/cwoste-tiziouzou.dz\/fr\/?page_id=9","article_modified_time":"2016-01-24T11:31:24+00:00","twitter_card":"summary_large_image","twitter_misc":{"Dur\u00e9e de lecture estim\u00e9e":"2 minutes"},"schema":{"@context":"https:\/\/schema.org","@graph":[{"@type":"WebPage","@id":"https:\/\/cwoste-tiziouzou.dz\/fr\/?page_id=9","url":"https:\/\/cwoste-tiziouzou.dz\/fr\/?page_id=9","name":"PRESENTATION -","isPartOf":{"@id":"https:\/\/cwoste-tiziouzou.dz\/fr\/#website"},"datePublished":"2016-01-14T12:09:11+00:00","dateModified":"2016-01-24T11:31:24+00:00","breadcrumb":{"@id":"https:\/\/cwoste-tiziouzou.dz\/fr\/?page_id=9#breadcrumb"},"inLanguage":"fr-FR","potentialAction":[{"@type":"ReadAction","target":["https:\/\/cwoste-tiziouzou.dz\/fr\/?page_id=9"]}]},{"@type":"BreadcrumbList","@id":"https:\/\/cwoste-tiziouzou.dz\/fr\/?page_id=9#breadcrumb","itemListElement":[{"@type":"ListItem","position":1,"name":"Accueil","item":"https:\/\/cwoste-tiziouzou.dz\/fr\/"},{"@type":"ListItem","position":2,"name":"PRESENTATION"}]},{"@type":"WebSite","@id":"https:\/\/cwoste-tiziouzou.dz\/fr\/#website","url":"https:\/\/cwoste-tiziouzou.dz\/fr\/","name":"","description":"C.W.O.S.T.E  TIZI OUZOU","potentialAction":[{"@type":"SearchAction","target":{"@type":"EntryPoint","urlTemplate":"https:\/\/cwoste-tiziouzou.dz\/fr\/?s={search_term_string}"},"query-input":{"@type":"PropertyValueSpecification","valueRequired":true,"valueName":"search_term_string"}}],"inLanguage":"fr-FR"}]}},"_links":{"self":[{"href":"https:\/\/cwoste-tiziouzou.dz\/fr\/index.php?rest_route=\/wp\/v2\/pages\/9","targetHints":{"allow":["GET"]}}],"collection":[{"href":"https:\/\/cwoste-tiziouzou.dz\/fr\/index.php?rest_route=\/wp\/v2\/pages"}],"about":[{"href":"https:\/\/cwoste-tiziouzou.dz\/fr\/index.php?rest_route=\/wp\/v2\/types\/page"}],"author":[{"embeddable":true,"href":"https:\/\/cwoste-tiziouzou.dz\/fr\/index.php?rest_route=\/wp\/v2\/users\/2"}],"replies":[{"embeddable":true,"href":"https:\/\/cwoste-tiziouzou.dz\/fr\/index.php?rest_route=%2Fwp%2Fv2%2Fcomments&post=9"}],"version-history":[{"count":7,"href":"https:\/\/cwoste-tiziouzou.dz\/fr\/index.php?rest_route=\/wp\/v2\/pages\/9\/revisions"}],"predecessor-version":[{"id":198,"href":"https:\/\/cwoste-tiziouzou.dz\/fr\/index.php?rest_route=\/wp\/v2\/pages\/9\/revisions\/198"}],"wp:attachment":[{"href":"https:\/\/cwoste-tiziouzou.dz\/fr\/index.php?rest_route=%2Fwp%2Fv2%2Fmedia&parent=9"}],"curies":[{"name":"wp","href":"https:\/\/api.w.org\/{rel}","templated":true}]}}